{"id":1005,"date":"2018-01-30T16:57:22","date_gmt":"2018-01-30T22:57:22","guid":{"rendered":"https:\/\/virtual.iberoleon.mx\/?page_id=1005"},"modified":"2020-09-10T09:18:51","modified_gmt":"2020-09-10T15:18:51","slug":"capacitacion-empresarial","status":"publish","type":"page","link":"https:\/\/virtual.iberoleon.mx\/index.php\/capacitacion-empresarial","title":{"rendered":"Capacitaci\u00f3n Empresarial"},"content":{"rendered":"<p>[vc_row][vc_column width=&#8221;1\/2&#8243;][vc_column_text]<b>IBERO Le\u00f3n Virtual<\/b><b><\/b> ofrece servicios de <b>formaci\u00f3n y capacitaci\u00f3n <i>E-Learning<\/i><\/b><i><\/i> a la medida de las necesidades de tu empresa. Provee a tus colaboradores la oportunidad de acceder a esquemas educativos innovadores, sin necesidad de salir de su trabajo, casa u oficina.[\/vc_column_text][vc_separator style=&#8221;shadow&#8221; css=&#8221;.vc_custom_1519148502874{padding-top: 25px !important;padding-bottom: 25px !important;}&#8221;][vc_row_inner css=&#8221;.vc_custom_1519148415226{padding-bottom: 25px !important;}&#8221;][vc_column_inner width=&#8221;1\/2&#8243;][vc_icon icon_fontawesome=&#8221;fa fa-book&#8221; color=&#8221;custom&#8221; background_style=&#8221;rounded&#8221; background_color=&#8221;custom&#8221; align=&#8221;center&#8221; custom_color=&#8221;#ffffff&#8221; custom_background_color=&#8221;#ee3e41&#8243;][vc_column_text]<\/p>\n<h4 align=\"center\">Capacitaci\u00f3n mediante <i>E-Learning<\/i><\/h4>\n<p align=\"center\">Formaci\u00f3n innovadora de acuerdo a las necesidades empresariales.<\/p>\n<p>[\/vc_column_text][\/vc_column_inner][vc_column_inner width=&#8221;1\/2&#8243;][vc_icon icon_fontawesome=&#8221;fa fa-mobile&#8221; color=&#8221;custom&#8221; background_style=&#8221;rounded&#8221; background_color=&#8221;custom&#8221; align=&#8221;center&#8221; custom_color=&#8221;#ffffff&#8221; custom_background_color=&#8221;#ee3e41&#8243;][vc_column_text]<\/p>\n<h4 align=\"center\">Movilidad para el estudio<\/h4>\n<p align=\"center\">M\u00f3dulos <i>E-Learning <\/i>que pueden ser cursados desde cualquier lugar y a cualquier hora.<\/p>\n<p>[\/vc_column_text][\/vc_column_inner][\/vc_row_inner][vc_row_inner][vc_column_inner width=&#8221;1\/2&#8243;][vc_icon icon_fontawesome=&#8221;fa fa-hand-pointer-o&#8221; color=&#8221;custom&#8221; background_style=&#8221;rounded&#8221; background_color=&#8221;custom&#8221; align=&#8221;center&#8221; custom_color=&#8221;#ffffff&#8221; custom_background_color=&#8221;#ee3e41&#8243;][vc_column_text]<\/p>\n<h4 align=\"center\">Aprendizaje interactivo<\/h4>\n<p align=\"center\">Esquemas tecnol\u00f3gica y did\u00e1cticamente innovadores.<\/p>\n<p>[\/vc_column_text][\/vc_column_inner][vc_column_inner width=&#8221;1\/2&#8243;][vc_icon icon_fontawesome=&#8221;fa fa-graduation-cap&#8221; color=&#8221;custom&#8221; background_style=&#8221;rounded&#8221; background_color=&#8221;custom&#8221; align=&#8221;center&#8221; custom_color=&#8221;#ffffff&#8221; custom_background_color=&#8221;#ee3e41&#8243;][vc_column_text]<\/p>\n<h4 align=\"center\">Acredita habilidades<\/h4>\n<p align=\"center\">Al concluir el curso, cada participante podr\u00e1 recibir su constancia de acreditaci\u00f3n.<\/p>\n<p>[\/vc_column_text][\/vc_column_inner][\/vc_row_inner][vc_empty_space][\/vc_column][vc_column width=&#8221;1\/2&#8243;][vc_video link=&#8221;https:\/\/www.youtube.com\/watch?v=TK9br7zYC-Q&#8221; align=&#8221;center&#8221;][vc_row_inner css=&#8221;.vc_custom_1517352904123{background-color: #ee3e41 !important;}&#8221;][vc_column_inner][apus_call_action title=&#8221;\u00a1SOLICITA INFORMES!&#8221; buttons1=&#8221;btn-default &#8221; style=&#8221;styledefault&#8221; textbutton1=&#8221;Escr\u00edbenos&#8221; linkbutton1=&#8221;https:\/\/api.whatsapp.com\/send?phone=4774010575&amp;text=Me%20interesa%20informes%20sobre%20capacitaci%C3%B3n%20online%20en%20mi%20empresa%20&#8243;]Queremos conocer las necesidades de capacitaci\u00f3n de tu empresa para proponerte una soluci\u00f3n a la medida y 100% en l\u00ednea.[\/apus_call_action][\/vc_column_inner][\/vc_row_inner][\/vc_column][\/vc_row][vc_row css=&#8221;.vc_custom_1519148454296{padding-top: 25px !important;}&#8221;][vc_column][vc_column_text]<\/p>\n<h2 align=\"center\">Oferta de Cursos<\/h2>\n<hr style=\"width: 52px; height: 1px; background: #ee3e41; left: 0;\" \/>\n<p align=\"center\">Nuestras propuestas de cursos <b><i>on-demand<\/i><b> para empresas, <\/b><\/b>son programas accesibles durante todo el a\u00f1o. Con\u00f3celos.<\/p>\n<p>[\/vc_column_text][vc_tta_accordion active_section=&#8221;1&#8243; css=&#8221;.vc_custom_1519148950263{padding-top: 25px !important;}&#8221;][vc_tta_section tab_id=&#8221;1519146917999-5a892b4a-3e38&#8243; title=&#8221;Liderazgo&#8221;][vc_column_text]Las habilidades de liderazgo son esenciales para el desarrollo empresarial sostenible. Tambi\u00e9n resultan un factor clave en la gesti\u00f3n de \u00e9xito. Nuestro <b>curso en l\u00ednea de liderazgo<\/b> puede afinar las habilidades existentes y ense\u00f1ar otras nuevas. Conoce las cualidades que un buen l\u00edder puede aportar a tu empresa estudiando este curso con duraci\u00f3n de 20 horas.[\/vc_column_text][\/vc_tta_section][vc_tta_section title=&#8221;Ventas&#8221; tab_id=&#8221;1519146915973-af38069f-9c5d&#8221;][vc_column_text]Las ventas cada d\u00eda requieren una profesional mejor capacitado ante mercados m\u00e1s din\u00e1micos, consumidores m\u00e1s informados, competidores m\u00e1s agresivos y el desarrollo tecnol\u00f3gico imparable. Por ello, hoy en d\u00eda la formaci\u00f3n en el \u00e1rea comercial tiene una gran importancia. Conoce nuestro <b>curso de ventas<\/b> de modalidad <i>online<\/i> con duraci\u00f3n de 15 horas.[\/vc_column_text][\/vc_tta_section][vc_tta_section title=&#8221;Planeaci\u00f3n Estrat\u00e9gica&#8221; tab_id=&#8221;1519147372296-ff4c72fd-3872&#8243;][vc_column_text]El objetivo de nuestro <b>curso en l\u00ednea<\/b> es que los participantes conozcan los aspectos fundamentales de la <b>planeaci\u00f3n estrat\u00e9gica<\/b>, proporcionando nuevas herramientas estrat\u00e9gicas que le permitan desarrollar estrategias conjuntas con sus equipos de trabajo y poner en pr\u00e1ctica aquellas herramientas que faciliten su gesti\u00f3n directiva. Con una duraci\u00f3n de 20 horas, este curso resulta excelente para Ejecutivos de \u00e1reas como Planeaci\u00f3n, Recursos Humanos, Mercadotecnia, Operaciones y Ventas[\/vc_column_text][\/vc_tta_section][vc_tta_section title=&#8221;Marketing Estrat\u00e9gico&#8221; tab_id=&#8221;1519147510006-e352f053-27fe&#8221;][vc_column_text]El planteamiento estrat\u00e9gico es la base fundamental de cualquier acci\u00f3n de Marketing, es la capa de coherencia que multiplicar\u00e1 el valor de las propuestas operativas. La direcci\u00f3n estrat\u00e9gica de marketing establece un plan global de acci\u00f3n para alcanzar los objetivos principales de una organizaci\u00f3n en el \u00e1mbito del marketing a mediano y largo plazo, combinando recursos y capacidades de la empresa y dentro de las restricciones impuestas por el entorno donde opera. Aprende un enfoque estrat\u00e9gico en nuestro <b>curso en l\u00ednea de Marketing Estrat\u00e9gico<\/b> con duraci\u00f3n de 20 horas.[\/vc_column_text][\/vc_tta_section][vc_tta_section title=&#8221;Habilidades Gerenciales&#8221; tab_id=&#8221;1519147761743-d65439f3-2227&#8243;][vc_column_text]En nuestro <b>curso <i>online<\/i> de habilidades gerenciales<\/b>, aprender\u00e1s el conocimiento y comprensi\u00f3n de las situaciones comunicativas que se producen en el \u00e1mbito de la direcci\u00f3n y el liderazgo en el mundo empresarial,\u00a0 as\u00ed como t\u00e9cnicas y habilidades directivas y comunicativas \u00fatiles para mejorar la eficacia en las tareas propias de la direcci\u00f3n de equipos y de liderazgo. Duraci\u00f3n: 32 horas.[\/vc_column_text][\/vc_tta_section][vc_tta_section title=&#8221;Ofim\u00e1tica&#8221; tab_id=&#8221;1519147946122-ce95e537-6f64&#8243;][vc_column_text]La ofim\u00e1tica es el \u00e1rea de la inform\u00e1tica dedicada a las tareas propias de oficina. Llevar la <b>contabilidad en hojas de c\u00e1lculo<\/b>, <b>escribir documentos, crear presentaciones de diapositivas\u2026 <\/b>Son algunas de las tareas m\u00e1s populares y b\u00e1sicas relacionadas con el quehacer cotidiano en una oficina com\u00fan. Estudiar un curso de ofim\u00e1tica es imprescindible para lograr un uso correcto de estas habilidades. Estudia nuestro <b>curso de ofim\u00e1tica<\/b> con duraci\u00f3n de 20 horas cada uno.[\/vc_column_text][\/vc_tta_section][vc_tta_section title=&#8221;Productividad&#8221; tab_id=&#8221;1519148056879-19b8b771-974d&#8221;][vc_column_text]<span class=\"cb-itemprop\">Vivimos en un mundo de exigente inmediatez en el que para mantener el enfoque, permanentemente debemos estar actualiz\u00e1ndonos y desarrollando nuevos mecanismos que mejoren nuestra <b>productividad personal<\/b>.\u00a0Pero mejorar nuestra productividad no es cuesti\u00f3n de gestionar el tiempo ni de dedicar m\u00e1s horas, sino de trabajar conceptos como la eficiencia y la satisfacci\u00f3n. Aprende a optimizar tu tiempo en nuestro curso en l\u00ednea de productividad con duraci\u00f3n de 15 horas.<br \/>\n<\/span>[\/vc_column_text][\/vc_tta_section][vc_tta_section title=&#8221;Clima Laboral&#8221; tab_id=&#8221;1519148163297-5ddc3e3f-6149&#8243;][vc_column_text]<\/p>\n<div class=\"Contenido Objetivos-Contenido\">\n<p>El objetivo de este <b>curso en l\u00ednea de Clima Laboral<\/b> es lograr un mejor ambiente de trabajo logrando que los participantes tomen conciencia de la influencia que ellos ejercen en \u00e9ste con sus actitudes, conductas y personalidad. Aprende a mejorar el clima laboral de tu empresa, con nuestro curso compuesto por 15 horas de estudio.<\/p>\n<\/div>\n<p>[\/vc_column_text][\/vc_tta_section][\/vc_tta_accordion][\/vc_column][\/vc_row]<\/p>\n","protected":false},"excerpt":{"rendered":"<p>[vc_row][vc_column width=&#8221;1\/2&#8243;][vc_column_text]IBERO Le\u00f3n Virtual ofrece servicios de formaci\u00f3n y capacitaci\u00f3n E-Learning a la medida de las necesidades de tu empresa. Provee a tus colaboradores la oportunidad de acceder a esquemas educativos innovadores, sin necesidad de salir de su trabajo, casa u oficina.[\/vc_column_text][vc_separator style=&#8221;shadow&#8221; css=&#8221;.vc_custom_1519148502874{padding-top: 25px !important;padding-bottom: 25px !important;}&#8221;][vc_row_inner css=&#8221;.vc_custom_1519148415226{padding-bottom: 25px !important;}&#8221;][vc_column_inner width=&#8221;1\/2&#8243;][vc_icon icon_fontawesome=&#8221;fa fa-book&#8221; color=&#8221;custom&#8221; [&hellip;]<\/p>\n","protected":false},"author":2,"featured_media":0,"parent":0,"menu_order":0,"comment_status":"closed","ping_status":"closed","template":"","meta":{"footnotes":""},"class_list":["post-1005","page","type-page","status-publish","hentry"],"_links":{"self":[{"href":"https:\/\/virtual.iberoleon.mx\/index.php\/wp-json\/wp\/v2\/pages\/1005","targetHints":{"allow":["GET"]}}],"collection":[{"href":"https:\/\/virtual.iberoleon.mx\/index.php\/wp-json\/wp\/v2\/pages"}],"about":[{"href":"https:\/\/virtual.iberoleon.mx\/index.php\/wp-json\/wp\/v2\/types\/page"}],"author":[{"embeddable":true,"href":"https:\/\/virtual.iberoleon.mx\/index.php\/wp-json\/wp\/v2\/users\/2"}],"replies":[{"embeddable":true,"href":"https:\/\/virtual.iberoleon.mx\/index.php\/wp-json\/wp\/v2\/comments?post=1005"}],"version-history":[{"count":23,"href":"https:\/\/virtual.iberoleon.mx\/index.php\/wp-json\/wp\/v2\/pages\/1005\/revisions"}],"predecessor-version":[{"id":2980,"href":"https:\/\/virtual.iberoleon.mx\/index.php\/wp-json\/wp\/v2\/pages\/1005\/revisions\/2980"}],"wp:attachment":[{"href":"https:\/\/virtual.iberoleon.mx\/index.php\/wp-json\/wp\/v2\/media?parent=1005"}],"curies":[{"name":"wp","href":"https:\/\/api.w.org\/{rel}","templated":true}]}}