{"id":122,"date":"2017-01-11T08:52:06","date_gmt":"2017-01-11T08:52:06","guid":{"rendered":"http:\/\/apusthemes.com\/wp-demo\/campress\/?page_id=122"},"modified":"2020-03-03T13:13:54","modified_gmt":"2020-03-03T19:13:54","slug":"nosotros","status":"publish","type":"page","link":"https:\/\/virtual.iberoleon.mx\/index.php\/nosotros","title":{"rendered":"Nosotros"},"content":{"rendered":"<p>[vc_row][vc_column][vc_empty_space height=&#8221;60px&#8221;][\/vc_column][\/vc_row][vc_row][vc_column width=&#8221;1\/2&#8243; css=&#8221;.vc_custom_1496992904586{padding-bottom: 10px !important;}&#8221;][vc_custom_heading text=&#8221;Bienvenid@ a<br \/>\nIBERO Le\u00f3n Virtual.&#8221; font_container=&#8221;tag:h2|font_size:32px|text_align:left|line_height:36px&#8221; use_theme_fonts=&#8221;yes&#8221; css=&#8221;.vc_custom_1517338230296{margin-top: 0px !important;margin-bottom: 20px !important;}&#8221;][vc_column_text]En IBERO Le\u00f3n Virtual, ofrecemos cursos y diplomados 100% en l\u00ednea y a distancia. Nuestros cursos est\u00e1n orientados al desarrollo de competencias profesionales, personales y sociales. Estudia desde cualquier ubicaci\u00f3n geogr\u00e1fica, a cualquier hora del d\u00eda y en el dispositivo de tu preferencia.<\/p>\n<p>[\/vc_column_text][vc_empty_space height=&#8221;30px&#8221;][vc_single_image image=&#8221;972&#8243; img_size=&#8221;full&#8221; onclick=&#8221;custom_link&#8221; link=&#8221;https:\/\/virtual.iberoleon.mx\/index.php\/cursos-en-linea&#8221;][\/vc_column][vc_column width=&#8221;1\/2&#8243;][vc_single_image image=&#8221;708&#8243; img_size=&#8221;full&#8221; alignment=&#8221;center&#8221;][\/vc_column][\/vc_row][vc_row][vc_column][vc_empty_space height=&#8221;50px&#8221;][vc_empty_space height=&#8221;60px&#8221;][\/vc_column][\/vc_row][vc_row full_width=&#8221;stretch_row&#8221; css=&#8221;.vc_custom_1496391642150{background-image: url(https:\/\/virtual.iberoleon.mx\/wp-content\/uploads\/2017\/01\/test-2.jpg?id=635) !important;}&#8221;][vc_column][vc_empty_space height=&#8221;50px&#8221;][vc_empty_space height=&#8221;40px&#8221;][vc_column_text]<\/p>\n<h1 style=\"color: #fff;\">IBERO Le\u00f3n Virtual en cifras&#8230;<\/h1>\n<p>[\/vc_column_text][vc_row_inner][vc_column_inner width=&#8221;1\/4&#8243;][apus_counter title=&#8221;PA\u00cdSES ALCANZADO&#8221; number=&#8221;25&#8243; text_color=&#8221;#ffffff&#8221;][\/vc_column_inner][vc_column_inner width=&#8221;1\/4&#8243;][apus_counter title=&#8221;EGRESADOS&#8221; number=&#8221;28000&#8243; text_color=&#8221;#ffffff&#8221;][\/vc_column_inner][vc_column_inner width=&#8221;1\/4&#8243;][apus_counter title=&#8221;A\u00d1OS DE EXPERIENCIA&#8221; number=&#8221;+13&#8243; text_color=&#8221;#ffffff&#8221;][\/vc_column_inner][vc_column_inner width=&#8221;1\/4&#8243;][apus_counter title=&#8221;CURSOS PUBLICADOS&#8221; number=&#8221;25&#8243; text_color=&#8221;#ffffff&#8221;][\/vc_column_inner][\/vc_row_inner][vc_empty_space height=&#8221;50px&#8221;][vc_empty_space height=&#8221;50px&#8221;][\/vc_column][\/vc_row][vc_row][vc_column][vc_empty_space height=&#8221;40px&#8221;][vc_empty_space height=&#8221;50px&#8221;][\/vc_column][\/vc_row][vc_row][vc_column width=&#8221;1\/2&#8243;][vc_tta_accordion c_position=&#8221;right&#8221; active_section=&#8221;1&#8243; title=&#8221;\u00bfPor qu\u00e9 IBERO Le\u00f3n Virtual?&#8221;][vc_tta_section title=&#8221;Intenciones y Finalidades&#8221; tab_id=&#8221;1517340013340-3c682ab9-99d4&#8243;][vc_column_text]IBERO Le\u00f3n Virtual nace de la inquietud de acercar procesos de formaci\u00f3n a profesionistas y personas interesadas en continuar sus estudios o desarrollar intereses personales, profesionales y l\u00fadicos a trav\u00e9s de procesos de educaci\u00f3n en l\u00ednea. Formamos parte de la <a href=\"http:\/\/leon.uia.mx\" target=\"_blank\" rel=\"noopener\"><b>Universidad Iberoamericana Le\u00f3n<\/b><\/a>, y nos encargamos de desarrollar e impartir programas <i>E-Learning<\/i> no escolarizados y de Educaci\u00f3n Cont\u00ednua.[\/vc_column_text][\/vc_tta_section][vc_tta_section title=&#8221;Misi\u00f3n&#8221; tab_id=&#8221;1496392036130-5c5d3d00-0ead&#8221;][vc_column_text]Formar personas que sean capaces de desenvolverse exitosamente en \u00e1mbitos sociales, profesionales y personales a trav\u00e9s de programas <i>E-Learning<\/i> innovadores y pertinentes[\/vc_column_text][\/vc_tta_section][vc_tta_section title=&#8221;Visi\u00f3n&#8221; tab_id=&#8221;1496392108064-45dcba76-f2a8&#8243;][vc_column_text]IBERO Le\u00f3n Virtual es un referente de calidad en el tema de formaci\u00f3n E-Learning para la educaci\u00f3n superior y de Educaci\u00f3n Cont\u00ednua.[\/vc_column_text][\/vc_tta_section][\/vc_tta_accordion][\/vc_column][vc_column width=&#8221;1\/2&#8243;][\/vc_column][\/vc_row][vc_row][vc_column][vc_empty_space height=&#8221;40px&#8221;][vc_empty_space height=&#8221;50px&#8221;][\/vc_column][\/vc_row][vc_row full_width=&#8221;stretch_row&#8221; css=&#8221;.vc_custom_1517341013880{padding-top: 45px !important;padding-bottom: 45px !important;background-color: #cc2333 !important;}&#8221;][vc_column][apus_newsletter title=&#8221;\u00a1NUEVOS CURSOS CADA MES!&#8221; description=&#8221;Suscr\u00edbete a nuestro newsletter y recibe nuestras novedades, noticias y promociones directo en tu correo electr\u00f3nico&#8221; image_icon=&#8221;921&#8243;][\/vc_column][\/vc_row]<\/p>\n","protected":false},"excerpt":{"rendered":"<p>[vc_row][vc_column][vc_empty_space height=&#8221;60px&#8221;][\/vc_column][\/vc_row][vc_row][vc_column width=&#8221;1\/2&#8243; css=&#8221;.vc_custom_1496992904586{padding-bottom: 10px !important;}&#8221;][vc_custom_heading text=&#8221;Bienvenid@ a IBERO Le\u00f3n Virtual.&#8221; font_container=&#8221;tag:h2|font_size:32px|text_align:left|line_height:36px&#8221; use_theme_fonts=&#8221;yes&#8221; css=&#8221;.vc_custom_1517338230296{margin-top: 0px !important;margin-bottom: 20px !important;}&#8221;][vc_column_text]En IBERO Le\u00f3n Virtual, ofrecemos cursos y diplomados 100% en l\u00ednea y a distancia. Nuestros cursos est\u00e1n orientados al desarrollo de competencias profesionales, personales y sociales. Estudia desde cualquier ubicaci\u00f3n geogr\u00e1fica, a cualquier hora del d\u00eda y en [&hellip;]<\/p>\n","protected":false},"author":2,"featured_media":0,"parent":0,"menu_order":0,"comment_status":"closed","ping_status":"closed","template":"","meta":{"footnotes":""},"class_list":["post-122","page","type-page","status-publish","hentry"],"_links":{"self":[{"href":"https:\/\/virtual.iberoleon.mx\/index.php\/wp-json\/wp\/v2\/pages\/122","targetHints":{"allow":["GET"]}}],"collection":[{"href":"https:\/\/virtual.iberoleon.mx\/index.php\/wp-json\/wp\/v2\/pages"}],"about":[{"href":"https:\/\/virtual.iberoleon.mx\/index.php\/wp-json\/wp\/v2\/types\/page"}],"author":[{"embeddable":true,"href":"https:\/\/virtual.iberoleon.mx\/index.php\/wp-json\/wp\/v2\/users\/2"}],"replies":[{"embeddable":true,"href":"https:\/\/virtual.iberoleon.mx\/index.php\/wp-json\/wp\/v2\/comments?post=122"}],"version-history":[{"count":27,"href":"https:\/\/virtual.iberoleon.mx\/index.php\/wp-json\/wp\/v2\/pages\/122\/revisions"}],"predecessor-version":[{"id":2756,"href":"https:\/\/virtual.iberoleon.mx\/index.php\/wp-json\/wp\/v2\/pages\/122\/revisions\/2756"}],"wp:attachment":[{"href":"https:\/\/virtual.iberoleon.mx\/index.php\/wp-json\/wp\/v2\/media?parent=122"}],"curies":[{"name":"wp","href":"https:\/\/api.w.org\/{rel}","templated":true}]}}