{"id":129,"date":"2017-01-11T09:57:50","date_gmt":"2017-01-11T09:57:50","guid":{"rendered":"http:\/\/apusthemes.com\/wp-demo\/campress\/?page_id=129"},"modified":"2023-03-28T13:59:42","modified_gmt":"2023-03-28T19:59:42","slug":"contacto","status":"publish","type":"page","link":"https:\/\/virtual.iberoleon.mx\/index.php\/contacto","title":{"rendered":"Contacto"},"content":{"rendered":"<p>[vc_row][vc_column][vc_empty_space height=&#8221;35px&#8221; el_class=&#8221;hidden-sm hidden-xs&#8221;][vc_empty_space height=&#8221;20px&#8221;][apus_title_heading descript=&#8221;Conoce al equipo de IBERO Le\u00f3n Virtual&#8221; style=&#8221;default&#8221; title=&#8221;Directorio&#8221;][vc_empty_space height=&#8221;20px&#8221;][vc_row_inner][vc_column_inner width=&#8221;1\/3&#8243; css=&#8221;.vc_custom_1532977816763{padding-bottom: 25px !important;}&#8221;][apus_title_heading descript=&#8221;Coordinador Ibero Le\u00f3n Virtual&#8221; style=&#8221;default&#8221; title=&#8221;Mtro. Rafael Chavarr\u00eda&#8221;][vc_column_text]<\/p>\n<h5 class=\"title\" align=\"center\">Tel\u00e9fono<\/h5>\n<p align=\"center\">01 (477) 710 0600 ext. 3121<\/p>\n<h5 class=\"title\" align=\"center\">E-Mail<\/h5>\n<p align=\"center\"><a href=\"mailto:rafael.chavarria@iberoleon.mx\">rafael.chavarria@iberoleon.mx<\/a><\/p>\n<p align=\"center\">\n<style>.vc_row wpb_row.vc_inner.vc_row-fluid h3{font-size:24px !important;}<\/style>\n<\/p>\n<p>[\/vc_column_text][\/vc_column_inner][vc_column_inner width=&#8221;1\/3&#8243; css=&#8221;.vc_custom_1532977823595{padding-bottom: 25px !important;}&#8221;][apus_title_heading descript=&#8221;Coordinaci\u00f3n Acad\u00e9mica y Producci\u00f3n&#8221; style=&#8221;default&#8221; title=&#8221;Mtra. Sof\u00eda Gonz\u00e1lez&#8221;][vc_column_text]<\/p>\n<h5 class=\"title\" align=\"center\">Tel\u00e9fono<\/h5>\n<p align=\"center\">01 (477) 710 0600 ext. 3125<\/p>\n<h5 class=\"title\" align=\"center\">E-Mail<\/h5>\n<p align=\"center\"><a href=\"mailto:estefania.trujillo@iberoleon.mx\">sofia.gonzalez@iberoleon.mx<\/a><\/p>\n<p align=\"center\">\n<style>.vc_row wpb_row.vc_inner.vc_row-fluid h3{font-size:24px !important;}<\/style>\n<\/p>\n<p>[\/vc_column_text][\/vc_column_inner][vc_column_inner width=&#8221;1\/3&#8243; css=&#8221;.vc_custom_1532977840073{padding-bottom: 25px !important;}&#8221;][apus_title_heading descript=&#8221;Sistemas y Soporte T\u00e9cnico&#8221; style=&#8221;default&#8221; title=&#8221;Mtra. Sof\u00eda Garc\u00eda&#8221;][vc_column_text]<\/p>\n<h5 class=\"title\" align=\"center\">Tel\u00e9fono<\/h5>\n<p align=\"center\">01 (477) 710 0600 ext. 3122<\/p>\n<h5 class=\"title\" align=\"center\">E-Mail<\/h5>\n<p align=\"center\"><a href=\"mailto:sofia.garcia@iberoleon.mx\">sofia.garcia@iberoleon.mx<\/a><\/p>\n<p align=\"center\">\n<style>.vc_row wpb_row.vc_inner.vc_row-fluid h3{font-size:24px !important;}<\/style>\n<\/p>\n<p>[\/vc_column_text][\/vc_column_inner][\/vc_row_inner][vc_empty_space height=&#8221;70px&#8221;][vc_row_inner][vc_column_inner width=&#8221;1\/2&#8243; css=&#8221;.vc_custom_1532977816763{padding-bottom: 25px !important;}&#8221;][apus_title_heading descript=&#8221;Encargado de Ibero Le\u00f3n Virtual&#8221; style=&#8221;default&#8221; title=&#8221;Lic. Manuel Tovar&#8221;][vc_column_text]<\/p>\n<h5 class=\"title\" align=\"center\">Tel\u00e9fono<\/h5>\n<p align=\"center\">01 (477) 710 0600 ext. 3120<\/p>\n<h5 class=\"title\" align=\"center\">E-Mail<\/h5>\n<p align=\"center\"><a href=\"mailto:rafael.chavarria@iberoleon.mx\">manuel.tovar@iberoleon.mx<\/a><\/p>\n<p align=\"center\">\n<style>.vc_row wpb_row.vc_inner.vc_row-fluid h3{font-size:24px !important;}<\/style>\n<\/p>\n<p>[\/vc_column_text][\/vc_column_inner][vc_column_inner width=&#8221;1\/2&#8243; css=&#8221;.vc_custom_1532977823595{padding-bottom: 25px !important;}&#8221;][apus_title_heading descript=&#8221;Auxiliar de Mercadotecnia y Ventas de Ibero Le\u00f3n Virtual&#8221; style=&#8221;default&#8221; title=&#8221;Lic. Neftali Murillo&#8221;][vc_column_text]<\/p>\n<h5 class=\"title\" align=\"center\">Tel\u00e9fono<\/h5>\n<p align=\"center\">01 (477) 710 0600 ext. 3120<\/p>\n<h5 class=\"title\" align=\"center\">E-Mail<\/h5>\n<p align=\"center\"><a href=\"mailto:estefania.trujillo@iberoleon.mx\">neftali.murillo@iberoleon.mx<\/a><\/p>\n<p align=\"center\">\n<style>.vc_row wpb_row.vc_inner.vc_row-fluid h3{font-size:24px !important;}<\/style>\n<\/p>\n<p>[\/vc_column_text][\/vc_column_inner][\/vc_row_inner][vc_empty_space height=&#8221;70px&#8221;][\/vc_column][\/vc_row][vc_row][\/vc_row][vc_row][vc_column][vc_separator style=&#8221;shadow&#8221; css=&#8221;.vc_custom_1532977867268{padding-top: -25px !important;padding-bottom: 50px !important;}&#8221;][apus_title_heading descript=&#8221;Compartenos tus dudas, comentarios, etc. y te contactaremos a la brevedad.&#8221; style=&#8221;style2&#8243; title=&#8221;D\u00e9janos un mensaje&#8221;][vc_empty_space height=&#8221;15px&#8221;][contact-form-7 id=&#8221;164&#8243;][vc_empty_space height=&#8221;40px&#8221;][vc_empty_space height=&#8221;40px&#8221; el_class=&#8221;hidden-sm hidden-xs&#8221;][vc_separator style=&#8221;shadow&#8221; css=&#8221;.vc_custom_1532977867268{padding-top: -25px !important;padding-bottom: 50px !important;}&#8221;][\/vc_column][\/vc_row][vc_row css=&#8221;.vc_custom_1517427105289{padding-top: 25px !important;padding-bottom: 25px !important;}&#8221;][vc_column][vc_gmaps link=&#8221;#E-8_JTNDaWZyYW1lJTIwc3JjJTNEJTIyaHR0cHMlM0ElMkYlMkZ3d3cuZ29vZ2xlLmNvbSUyRm1hcHMlMkZlbWJlZCUzRnBiJTNEJTIxMW0xOCUyMTFtMTIlMjExbTMlMjExZDkzMC40MDIwMDE5MDgxMzMxJTIxMmQtMTAxLjYyNzM1OTE3MDc3ODM4JTIxM2QyMS4xMjgxODg1OTkxMjE1NSUyMTJtMyUyMTFmMCUyMTJmMCUyMTNmMCUyMTNtMiUyMTFpMTAyNCUyMTJpNzY4JTIxNGYxMy4xJTIxM20zJTIxMW0yJTIxMXMweDg0MmJiZTg1OTc3MzZhMTMlMjUzQTB4NTE4MzI1NGU0YzU1ZTNiZCUyMTJzVW5pdmVyc2lkYWQlMkJJYmVyb2FtZXJpY2FuYSUyQkxlJTI1QzMlMjVCM24lMjE1ZTAlMjEzbTIlMjExc2VzJTIxMnNteCUyMTR2MTUxNzQyNjY1MDE2NSUyMiUyMHdpZHRoJTNEJTIyNjAwJTIyJTIwaGVpZ2h0JTNEJTIyNDUwJTIyJTIwZnJhbWVib3JkZXIlM0QlMjIwJTIyJTIwc3R5bGUlM0QlMjJib3JkZXIlM0EwJTIyJTIwYWxsb3dmdWxsc2NyZWVuJTNFJTNDJTJGaWZyYW1lJTNF&#8221; css=&#8221;.vc_custom_1532977975125{padding-bottom: 25px !important;}&#8221;][vc_row_inner][vc_column_inner width=&#8221;1\/6&#8243;][\/vc_column_inner][vc_column_inner width=&#8221;2\/3&#8243;][apus_contact_info items=&#8221;%5B%7B%22title%22%3A%22Tel%C3%A9fono%22%2C%22description%22%3A%22%2B52%20(477)%20710%200600%20ext.%203120%22%7D%2C%7B%22title%22%3A%22E-Mail%22%2C%22description%22%3A%22virtual%40iberoleon.mx%22%7D%2C%7B%22title%22%3A%22Facebook%22%2C%22description%22%3A%22%3Ca%20href%3D%5C%22%23%5C%22%3E%40iberoleonvirtual%3C%2Fa%3E%22%7D%2C%7B%22title%22%3A%22WhatsApp%22%2C%22description%22%3A%22%2B52%20(477)%20401%200575%22%7D%5D&#8221;][\/vc_column_inner][vc_column_inner width=&#8221;1\/6&#8243;][\/vc_column_inner][\/vc_row_inner][\/vc_column][\/vc_row][vc_row full_width=&#8221;stretch_row&#8221; css=&#8221;.vc_custom_1517427000799{padding-top: 54px !important;padding-bottom: 54px !important;background-color: #cc2333 !important;}&#8221;][vc_column][apus_newsletter title=&#8221;\u00a1NUEVOS CURSOS CADA MES!&#8221; description=&#8221;Suscr\u00edbete a nuestro newsletter y recibe nuestras novedades, noticias y promociones directo en tu correo electr\u00f3nico&#8221; image_icon=&#8221;921&#8243;][vc_raw_html]JTNDc3R5bGUlM0UlMjNhcHVzLW1haW4tY29udGVudCU3Qm92ZXJmbG93JTNBJTIwdmlzaWJsZSUyMCUyMWltcG9ydGFudCUzQiU3RCUyMGgzJTdCZm9udC1zaXplJTNBMjRweCUyMCUyMWltcG9ydGFudCUzQiU3RCUzQyUyRnN0eWxlJTNF[\/vc_raw_html][\/vc_column][\/vc_row]<\/p>\n","protected":false},"excerpt":{"rendered":"<p>[vc_row][vc_column][vc_empty_space height=&#8221;35px&#8221; el_class=&#8221;hidden-sm hidden-xs&#8221;][vc_empty_space height=&#8221;20px&#8221;][apus_title_heading descript=&#8221;Conoce al equipo de IBERO Le\u00f3n Virtual&#8221; style=&#8221;default&#8221; title=&#8221;Directorio&#8221;][vc_empty_space height=&#8221;20px&#8221;][vc_row_inner][vc_column_inner width=&#8221;1\/3&#8243; css=&#8221;.vc_custom_1532977816763{padding-bottom: 25px !important;}&#8221;][apus_title_heading descript=&#8221;Coordinador Ibero Le\u00f3n Virtual&#8221; style=&#8221;default&#8221; title=&#8221;Mtro. Rafael Chavarr\u00eda&#8221;][vc_column_text] Tel\u00e9fono 01 (477) 710 0600 ext. 3121 E-Mail rafael.chavarria@iberoleon.mx [\/vc_column_text][\/vc_column_inner][vc_column_inner width=&#8221;1\/3&#8243; css=&#8221;.vc_custom_1532977823595{padding-bottom: 25px !important;}&#8221;][apus_title_heading descript=&#8221;Coordinaci\u00f3n Acad\u00e9mica y Producci\u00f3n&#8221; style=&#8221;default&#8221; title=&#8221;Mtra. Sof\u00eda Gonz\u00e1lez&#8221;][vc_column_text] Tel\u00e9fono 01 (477) 710 0600 ext. [&hellip;]<\/p>\n","protected":false},"author":2,"featured_media":0,"parent":0,"menu_order":0,"comment_status":"closed","ping_status":"closed","template":"","meta":{"footnotes":""},"class_list":["post-129","page","type-page","status-publish","hentry"],"_links":{"self":[{"href":"https:\/\/virtual.iberoleon.mx\/index.php\/wp-json\/wp\/v2\/pages\/129","targetHints":{"allow":["GET"]}}],"collection":[{"href":"https:\/\/virtual.iberoleon.mx\/index.php\/wp-json\/wp\/v2\/pages"}],"about":[{"href":"https:\/\/virtual.iberoleon.mx\/index.php\/wp-json\/wp\/v2\/types\/page"}],"author":[{"embeddable":true,"href":"https:\/\/virtual.iberoleon.mx\/index.php\/wp-json\/wp\/v2\/users\/2"}],"replies":[{"embeddable":true,"href":"https:\/\/virtual.iberoleon.mx\/index.php\/wp-json\/wp\/v2\/comments?post=129"}],"version-history":[{"count":30,"href":"https:\/\/virtual.iberoleon.mx\/index.php\/wp-json\/wp\/v2\/pages\/129\/revisions"}],"predecessor-version":[{"id":3433,"href":"https:\/\/virtual.iberoleon.mx\/index.php\/wp-json\/wp\/v2\/pages\/129\/revisions\/3433"}],"wp:attachment":[{"href":"https:\/\/virtual.iberoleon.mx\/index.php\/wp-json\/wp\/v2\/media?parent=129"}],"curies":[{"name":"wp","href":"https:\/\/api.w.org\/{rel}","templated":true}]}}