{"id":1305,"date":"2018-02-23T11:11:31","date_gmt":"2018-02-23T17:11:31","guid":{"rendered":"https:\/\/virtual.iberoleon.mx\/?page_id=1305"},"modified":"2018-02-23T14:15:29","modified_gmt":"2018-02-23T20:15:29","slug":"gracias","status":"publish","type":"page","link":"https:\/\/virtual.iberoleon.mx\/index.php\/gracias","title":{"rendered":"Gracias por suscribirte"},"content":{"rendered":"<p>[vc_row][vc_column width=&#8221;1\/4&#8243;][\/vc_column][vc_column width=&#8221;1\/2&#8243;][vc_column_text]<\/p>\n<p align=\"center\">En breve recibir\u00e1s un correo electr\u00f3nico con la confirmaci\u00f3n de tu suscripci\u00f3n. Es muy importante que realices la misma para poder recibir novedades, noticias y promociones de IBERO Le\u00f3n Virtual.<\/p>\n<p>[\/vc_column_text][\/vc_column][vc_column width=&#8221;1\/4&#8243;][\/vc_column][\/vc_row][vc_row css=&#8221;.vc_custom_1519415557229{padding-top: 45px !important;padding-bottom: 45px !important;}&#8221;][vc_column width=&#8221;1\/3&#8243;][vc_single_image image=&#8221;1315&#8243; img_size=&#8221;full&#8221; onclick=&#8221;custom_link&#8221; link=&#8221;https:\/\/virtual.iberoleon.mx\/index.php\/capacitacion-empresarial&#8221; css=&#8221;.vc_custom_1519417090761{padding-top: 12px !important;padding-bottom: 12px !important;}&#8221;][\/vc_column][vc_column width=&#8221;1\/3&#8243;][vc_single_image image=&#8221;1319&#8243; img_size=&#8221;full&#8221; onclick=&#8221;custom_link&#8221; link=&#8221;https:\/\/virtual.iberoleon.mx\/index.php\/cursos-en-linea&#8221; css=&#8221;.vc_custom_1519417098428{padding-top: 12px !important;padding-bottom: 12px !important;}&#8221;][\/vc_column][vc_column width=&#8221;1\/3&#8243;][vc_single_image image=&#8221;1318&#8243; img_size=&#8221;full&#8221; onclick=&#8221;custom_link&#8221; link=&#8221;https:\/\/virtual.iberoleon.mx\/index.php\/blog&#8221; css=&#8221;.vc_custom_1519417108962{padding-top: 12px !important;padding-bottom: 12px !important;}&#8221;][\/vc_column][\/vc_row]<\/p>\n","protected":false},"excerpt":{"rendered":"<p>[vc_row][vc_column width=&#8221;1\/4&#8243;][\/vc_column][vc_column width=&#8221;1\/2&#8243;][vc_column_text] En breve recibir\u00e1s un correo electr\u00f3nico con la confirmaci\u00f3n de tu suscripci\u00f3n. Es muy importante que realices la misma para poder recibir novedades, noticias y promociones de IBERO Le\u00f3n Virtual. [\/vc_column_text][\/vc_column][vc_column width=&#8221;1\/4&#8243;][\/vc_column][\/vc_row][vc_row css=&#8221;.vc_custom_1519415557229{padding-top: 45px !important;padding-bottom: 45px !important;}&#8221;][vc_column width=&#8221;1\/3&#8243;][vc_single_image image=&#8221;1315&#8243; img_size=&#8221;full&#8221; onclick=&#8221;custom_link&#8221; link=&#8221;https:\/\/virtual.iberoleon.mx\/index.php\/capacitacion-empresarial&#8221; css=&#8221;.vc_custom_1519417090761{padding-top: 12px !important;padding-bottom: 12px !important;}&#8221;][\/vc_column][vc_column width=&#8221;1\/3&#8243;][vc_single_image image=&#8221;1319&#8243; img_size=&#8221;full&#8221; onclick=&#8221;custom_link&#8221; link=&#8221;https:\/\/virtual.iberoleon.mx\/index.php\/cursos-en-linea&#8221; [&hellip;]<\/p>\n","protected":false},"author":2,"featured_media":0,"parent":0,"menu_order":0,"comment_status":"closed","ping_status":"closed","template":"","meta":{"footnotes":""},"class_list":["post-1305","page","type-page","status-publish","hentry"],"_links":{"self":[{"href":"https:\/\/virtual.iberoleon.mx\/index.php\/wp-json\/wp\/v2\/pages\/1305","targetHints":{"allow":["GET"]}}],"collection":[{"href":"https:\/\/virtual.iberoleon.mx\/index.php\/wp-json\/wp\/v2\/pages"}],"about":[{"href":"https:\/\/virtual.iberoleon.mx\/index.php\/wp-json\/wp\/v2\/types\/page"}],"author":[{"embeddable":true,"href":"https:\/\/virtual.iberoleon.mx\/index.php\/wp-json\/wp\/v2\/users\/2"}],"replies":[{"embeddable":true,"href":"https:\/\/virtual.iberoleon.mx\/index.php\/wp-json\/wp\/v2\/comments?post=1305"}],"version-history":[{"count":10,"href":"https:\/\/virtual.iberoleon.mx\/index.php\/wp-json\/wp\/v2\/pages\/1305\/revisions"}],"predecessor-version":[{"id":1322,"href":"https:\/\/virtual.iberoleon.mx\/index.php\/wp-json\/wp\/v2\/pages\/1305\/revisions\/1322"}],"wp:attachment":[{"href":"https:\/\/virtual.iberoleon.mx\/index.php\/wp-json\/wp\/v2\/media?parent=1305"}],"curies":[{"name":"wp","href":"https:\/\/api.w.org\/{rel}","templated":true}]}}