{"id":1558,"date":"2018-05-04T13:24:39","date_gmt":"2018-05-04T19:24:39","guid":{"rendered":"https:\/\/virtual.iberoleon.mx\/?page_id=1558"},"modified":"2018-05-04T15:44:09","modified_gmt":"2018-05-04T21:44:09","slug":"sala-econnect","status":"publish","type":"page","link":"https:\/\/virtual.iberoleon.mx\/index.php\/sala-econnect","title":{"rendered":"Sala eConnect"},"content":{"rendered":"<p>[vc_row][vc_column][rev_slider alias=&#8221;econnect&#8221;][vc_row_inner css=&#8221;.vc_custom_1525368544366{padding-top: 25px !important;}&#8221;][vc_column_inner][apus_title_heading descript=&#8221;La Sala eConnect es un espacio dentro de la Direcci\u00f3n de Informaci\u00f3n y Servicios Acad\u00e9micos dise\u00f1ado especialmente para producir contenido multimedia, interactivo y audiovisual de gran calidad. La sala cuenta con aislamiento ac\u00fastico para lograr una calidad de audio pr\u00edstina y est\u00e1 equipada con tecnolog\u00eda de punta.&#8221; style=&#8221;default&#8221; title=&#8221;\u00bfQu\u00e9 es la Sala eConnect?&#8221;][vc_separator style=&#8221;shadow&#8221; css=&#8221;.vc_custom_1525368670042{padding-top: 25px !important;padding-bottom: 25px !important;}&#8221;][apus_title_heading descript=&#8221;Coloca el cursor sobre la siguiente imagen y toca los puntos para conocer m\u00e1s.&#8221; style=&#8221;default&#8221; title=&#8221;Equipamiento&#8221;][\/vc_column_inner][\/vc_row_inner][vc_row_inner][vc_column_inner][vc_raw_html]JTNDaW1nJTIwc3R5bGUlM0QlMjJ3aWR0aCUzQTEwMCUyNSUyMiUyMHNyYyUzRCUyMiUyRiUyRmNkbi50aGluZ2xpbmsubWUlMkZhcGklMkZpbWFnZSUyRjEwNDg2NTkwODc2NTY0ODQ4NjclMkYxMDI0JTJGMTAlMkZzY2FsZXRvd2lkdGglMjN0bC0xMDQ4NjU5MDg3NjU2NDg0ODY3JTNCJTI3JTIyJTIwY2xhc3MlM0QlMjJhbHdheXNUaGluZ2xpbmslMjIlMkYlM0UlM0NzY3JpcHQlMjBhc3luYyUyMGNoYXJzZXQlM0QlMjJ1dGYtOCUyMiUyMHNyYyUzRCUyMiUyRiUyRmNkbi50aGluZ2xpbmsubWUlMkZqc2UlMkZlbWJlZC5qcyUyMiUzRSUzQyUyRnNjcmlwdCUzRQ==[\/vc_raw_html][\/vc_column_inner][\/vc_row_inner][vc_row_inner css=&#8221;.vc_custom_1525447556436{padding-top: 25px !important;}&#8221;][vc_column_inner][vc_separator style=&#8221;shadow&#8221; css=&#8221;.vc_custom_1525368670042{padding-top: 25px !important;padding-bottom: 25px !important;}&#8221;][apus_title_heading descript=&#8221;Puedes utilizar la Sala eConnect para:&#8221; style=&#8221;default&#8221; title=&#8221;\u00bfPara qu\u00e9 la puedo utilizar?&#8221;][\/vc_column_inner][\/vc_row_inner][vc_row_inner css=&#8221;.vc_custom_1525447515670{padding-bottom: 25px !important;}&#8221;][vc_column_inner width=&#8221;1\/4&#8243;][vc_icon icon_fontawesome=&#8221;fa fa-video-camera&#8221; color=&#8221;white&#8221; background_style=&#8221;rounded&#8221; background_color=&#8221;custom&#8221; align=&#8221;center&#8221; custom_background_color=&#8221;#ac1f27&#8243;][vc_text_separator title=&#8221;Producci\u00f3n de Videos&#8221; css=&#8221;.vc_custom_1525447384978{padding-top: 15px !important;padding-bottom: 15px !important;}&#8221;][vc_column_text]Introducido de forma adecuada el v\u00eddeo puede aumentar el nivel de retenci\u00f3n de los alumnos, mejorar la comprensi\u00f3n m\u00e1s r\u00e1pidamente e incluso motivarles sobre lo que se est\u00e1 aprendiendo.[\/vc_column_text][\/vc_column_inner][vc_column_inner width=&#8221;1\/4&#8243;][vc_icon icon_fontawesome=&#8221;fa fa-microphone&#8221; color=&#8221;white&#8221; background_style=&#8221;rounded&#8221; background_color=&#8221;custom&#8221; align=&#8221;center&#8221; custom_background_color=&#8221;#ac1f27&#8243;][vc_text_separator title=&#8221;Producci\u00f3n de Podcasts&#8221; css=&#8221;.vc_custom_1525448136664{padding-top: 15px !important;padding-bottom: 15px !important;}&#8221;][vc_column_text]Hoy en d\u00eda existen podcasts que tratan temas educativos. Centr\u00e1ndonos en esto, los podcast constituyen, sin duda, un medio excepcional para reforzar el aprendizaje.[\/vc_column_text][\/vc_column_inner][vc_column_inner width=&#8221;1\/4&#8243;][vc_icon icon_fontawesome=&#8221;fa fa-hand-pointer-o&#8221; color=&#8221;white&#8221; background_style=&#8221;rounded&#8221; background_color=&#8221;custom&#8221; align=&#8221;center&#8221; custom_background_color=&#8221;#ac1f27&#8243;][vc_text_separator title=&#8221;Materiales interactivos&#8221; css=&#8221;.vc_custom_1525448711642{padding-top: 15px !important;padding-bottom: 15px !important;}&#8221;][vc_column_text]Son sistemas en los que el sujeto puede modificar la respuesta del emisor de informaci\u00f3n. Los paquetes interactivos le dan al estudiante un cierto grado de control sobre su proceso de aprendizaje.[\/vc_column_text][\/vc_column_inner][vc_column_inner width=&#8221;1\/4&#8243;][vc_icon icon_fontawesome=&#8221;fa fa-users&#8221; color=&#8221;white&#8221; background_style=&#8221;rounded&#8221; background_color=&#8221;custom&#8221; align=&#8221;center&#8221; custom_background_color=&#8221;#ac1f27&#8243;][vc_text_separator title=&#8221;Sesiones Sincr\u00f3nicas&#8221; css=&#8221;.vc_custom_1525469292796{padding-top: 15px !important;padding-bottom: 15px !important;}&#8221;][vc_column_text]Utilizamos Adobe Connect para videoconferencias y reuniones virtuales seguras para ense\u00f1anza a distancia, webinars, y cualquier tipo de reuniones empresariales.[\/vc_column_text][\/vc_column_inner][\/vc_row_inner][vc_row_inner css=&#8221;.vc_custom_1525453501176{padding-top: 25px !important;}&#8221;][vc_column_inner][vc_separator style=&#8221;shadow&#8221; css=&#8221;.vc_custom_1525368670042{padding-top: 25px !important;padding-bottom: 25px !important;}&#8221;][apus_title_heading descript=&#8221;Si requieres reservar la sala para alguna producci\u00f3n, por favor rellena todos los datos del formulario. Si es una consulta y no requieres reservar, proporci\u00f3nanos \u00fanicamente los datos marcados con asterisco.&#8221; style=&#8221;default&#8221; title=&#8221;Ponte en contacto con nosotros&#8221;][\/vc_column_inner][\/vc_row_inner][vc_row_inner][vc_column_inner width=&#8221;1\/2&#8243;][contact-form-7 id=&#8221;1574&#8243;][\/vc_column_inner][vc_column_inner width=&#8221;1\/2&#8243;][vc_single_image image=&#8221;1609&#8243; img_size=&#8221;full&#8221; alignment=&#8221;center&#8221; css=&#8221;.vc_custom_1525470119260{padding-bottom: 25px !important;}&#8221;][vc_raw_html]JTNDc3R5bGUlM0VpbnB1dCU1QnR5cGUlM0QlMjJkYXRlJTIyJTVEJTdCbGluZS1oZWlnaHQlM0EyNnB4JTNCJTdEdGV4dGFyZWElN0JtYXgtaGVpZ2h0JTNBMTUwcHglM0IlN0QlM0MlMkZzdHlsZSUzRQ==[\/vc_raw_html][\/vc_column_inner][\/vc_row_inner][\/vc_column][\/vc_row]<\/p>\n","protected":false},"excerpt":{"rendered":"<p>[vc_row][vc_column][rev_slider alias=&#8221;econnect&#8221;][vc_row_inner css=&#8221;.vc_custom_1525368544366{padding-top: 25px !important;}&#8221;][vc_column_inner][apus_title_heading descript=&#8221;La Sala eConnect es un espacio dentro de la Direcci\u00f3n de Informaci\u00f3n y Servicios Acad\u00e9micos dise\u00f1ado especialmente para producir contenido multimedia, interactivo y audiovisual de gran calidad. La sala cuenta con aislamiento ac\u00fastico para lograr una calidad de audio pr\u00edstina y est\u00e1 equipada con tecnolog\u00eda de punta.&#8221; style=&#8221;default&#8221; title=&#8221;\u00bfQu\u00e9 es [&hellip;]<\/p>\n","protected":false},"author":2,"featured_media":0,"parent":0,"menu_order":0,"comment_status":"closed","ping_status":"closed","template":"","meta":{"footnotes":""},"class_list":["post-1558","page","type-page","status-publish","hentry"],"_links":{"self":[{"href":"https:\/\/virtual.iberoleon.mx\/index.php\/wp-json\/wp\/v2\/pages\/1558","targetHints":{"allow":["GET"]}}],"collection":[{"href":"https:\/\/virtual.iberoleon.mx\/index.php\/wp-json\/wp\/v2\/pages"}],"about":[{"href":"https:\/\/virtual.iberoleon.mx\/index.php\/wp-json\/wp\/v2\/types\/page"}],"author":[{"embeddable":true,"href":"https:\/\/virtual.iberoleon.mx\/index.php\/wp-json\/wp\/v2\/users\/2"}],"replies":[{"embeddable":true,"href":"https:\/\/virtual.iberoleon.mx\/index.php\/wp-json\/wp\/v2\/comments?post=1558"}],"version-history":[{"count":46,"href":"https:\/\/virtual.iberoleon.mx\/index.php\/wp-json\/wp\/v2\/pages\/1558\/revisions"}],"predecessor-version":[{"id":1614,"href":"https:\/\/virtual.iberoleon.mx\/index.php\/wp-json\/wp\/v2\/pages\/1558\/revisions\/1614"}],"wp:attachment":[{"href":"https:\/\/virtual.iberoleon.mx\/index.php\/wp-json\/wp\/v2\/media?parent=1558"}],"curies":[{"name":"wp","href":"https:\/\/api.w.org\/{rel}","templated":true}]}}