{"id":1850,"date":"2018-10-16T08:24:21","date_gmt":"2018-10-16T14:24:21","guid":{"rendered":"https:\/\/virtual.iberoleon.mx\/?page_id=1850"},"modified":"2018-10-16T08:24:21","modified_gmt":"2018-10-16T14:24:21","slug":"gracias-2","status":"publish","type":"page","link":"https:\/\/virtual.iberoleon.mx\/index.php\/gracias-2","title":{"rendered":"Gracias"},"content":{"rendered":"<p>[vc_row][vc_column][vc_column_text]<\/p>\n<h1 align=\"center\">Gracias por tu compra<\/h1>\n<p align=\"center\">En breve recibir\u00e1s un correo electr\u00f3nico de confirmaci\u00f3n.<\/p>\n<p>[\/vc_column_text][\/vc_column][\/vc_row]<\/p>\n","protected":false},"excerpt":{"rendered":"<p>[vc_row][vc_column][vc_column_text] Gracias por tu compra En breve recibir\u00e1s un correo electr\u00f3nico de confirmaci\u00f3n. [\/vc_column_text][\/vc_column][\/vc_row]<\/p>\n","protected":false},"author":2,"featured_media":0,"parent":0,"menu_order":0,"comment_status":"closed","ping_status":"closed","template":"","meta":{"footnotes":""},"class_list":["post-1850","page","type-page","status-publish","hentry"],"_links":{"self":[{"href":"https:\/\/virtual.iberoleon.mx\/index.php\/wp-json\/wp\/v2\/pages\/1850","targetHints":{"allow":["GET"]}}],"collection":[{"href":"https:\/\/virtual.iberoleon.mx\/index.php\/wp-json\/wp\/v2\/pages"}],"about":[{"href":"https:\/\/virtual.iberoleon.mx\/index.php\/wp-json\/wp\/v2\/types\/page"}],"author":[{"embeddable":true,"href":"https:\/\/virtual.iberoleon.mx\/index.php\/wp-json\/wp\/v2\/users\/2"}],"replies":[{"embeddable":true,"href":"https:\/\/virtual.iberoleon.mx\/index.php\/wp-json\/wp\/v2\/comments?post=1850"}],"version-history":[{"count":1,"href":"https:\/\/virtual.iberoleon.mx\/index.php\/wp-json\/wp\/v2\/pages\/1850\/revisions"}],"predecessor-version":[{"id":1851,"href":"https:\/\/virtual.iberoleon.mx\/index.php\/wp-json\/wp\/v2\/pages\/1850\/revisions\/1851"}],"wp:attachment":[{"href":"https:\/\/virtual.iberoleon.mx\/index.php\/wp-json\/wp\/v2\/media?parent=1850"}],"curies":[{"name":"wp","href":"https:\/\/api.w.org\/{rel}","templated":true}]}}