{"id":985,"date":"2018-01-30T16:03:25","date_gmt":"2018-01-30T22:03:25","guid":{"rendered":"https:\/\/virtual.iberoleon.mx\/?page_id=985"},"modified":"2018-02-20T15:50:30","modified_gmt":"2018-02-20T21:50:30","slug":"modelo-educativo","status":"publish","type":"page","link":"https:\/\/virtual.iberoleon.mx\/index.php\/modelo-educativo","title":{"rendered":"Modelo Educativo"},"content":{"rendered":"<p>[vc_row][vc_column width=&#8221;1\/2&#8243;][vc_column_text]<b>IBERO Le\u00f3n Virtual <\/b>establece la Metodolog\u00eda de Dise\u00f1o Inverso (Wiggins y McTighe, 2005) como medio para la planeaci\u00f3n, dise\u00f1o y producci\u00f3n de entornos virtuales que favorezcan y apoyen el trabajo por competencias, a trav\u00e9s de un arduo trabajo para lograr los atributos deseables de aprendizaje establecidos en el Marco Pedag\u00f3gico para la Estructura Curricular de la Universidad Iberoamericana Le\u00f3n (SEUIA-ITESO, 2002).<\/p>\n<p>Mediante el modelo de estudio de los programas <i>E-Learning<\/i> de IBERO Le\u00f3n Virtual, nuestros estudiantes practican y experimentan el conocimiento para desarrollar aprendizajes contextualizados, \u00fatiles y pertinentes. Nuestros programas online est\u00e1n basados en un dise\u00f1o dosificado de actividades que le permiten al estudiante realizar sus actividades habituales al mismo tiempo que avanza en sus estudios.<\/p>\n<p>Todos nuestros cursos est\u00e1n compuestos por:[\/vc_column_text][vc_separator style=&#8221;shadow&#8221; border_width=&#8221;2&#8243; css=&#8221;.vc_custom_1517351880993{padding-top: 25px !important;padding-bottom: 25px !important;}&#8221;][vc_images_carousel images=&#8221;994,995,990,992,993,991&#8243; img_size=&#8221;full&#8221; onclick=&#8221;link_no&#8221; speed=&#8221;2500&#8243; autoplay=&#8221;yes&#8221; hide_pagination_control=&#8221;yes&#8221; hide_prev_next_buttons=&#8221;yes&#8221; wrap=&#8221;yes&#8221;][\/vc_column][vc_column width=&#8221;1\/2&#8243;][vc_single_image image=&#8221;986&#8243; img_size=&#8221;full&#8221;][\/vc_column][\/vc_row]<\/p>\n","protected":false},"excerpt":{"rendered":"<p>[vc_row][vc_column width=&#8221;1\/2&#8243;][vc_column_text]IBERO Le\u00f3n Virtual establece la Metodolog\u00eda de Dise\u00f1o Inverso (Wiggins y McTighe, 2005) como medio para la planeaci\u00f3n, dise\u00f1o y producci\u00f3n de entornos virtuales que favorezcan y apoyen el trabajo por competencias, a trav\u00e9s de un arduo trabajo para lograr los atributos deseables de aprendizaje establecidos en el Marco Pedag\u00f3gico para la Estructura Curricular [&hellip;]<\/p>\n","protected":false},"author":2,"featured_media":0,"parent":0,"menu_order":0,"comment_status":"closed","ping_status":"closed","template":"","meta":{"footnotes":""},"class_list":["post-985","page","type-page","status-publish","hentry"],"_links":{"self":[{"href":"https:\/\/virtual.iberoleon.mx\/index.php\/wp-json\/wp\/v2\/pages\/985","targetHints":{"allow":["GET"]}}],"collection":[{"href":"https:\/\/virtual.iberoleon.mx\/index.php\/wp-json\/wp\/v2\/pages"}],"about":[{"href":"https:\/\/virtual.iberoleon.mx\/index.php\/wp-json\/wp\/v2\/types\/page"}],"author":[{"embeddable":true,"href":"https:\/\/virtual.iberoleon.mx\/index.php\/wp-json\/wp\/v2\/users\/2"}],"replies":[{"embeddable":true,"href":"https:\/\/virtual.iberoleon.mx\/index.php\/wp-json\/wp\/v2\/comments?post=985"}],"version-history":[{"count":13,"href":"https:\/\/virtual.iberoleon.mx\/index.php\/wp-json\/wp\/v2\/pages\/985\/revisions"}],"predecessor-version":[{"id":1254,"href":"https:\/\/virtual.iberoleon.mx\/index.php\/wp-json\/wp\/v2\/pages\/985\/revisions\/1254"}],"wp:attachment":[{"href":"https:\/\/virtual.iberoleon.mx\/index.php\/wp-json\/wp\/v2\/media?parent=985"}],"curies":[{"name":"wp","href":"https:\/\/api.w.org\/{rel}","templated":true}]}}